{"id":15,"date":"2016-12-03T20:05:59","date_gmt":"2016-12-03T20:05:59","guid":{"rendered":"http:\/\/soniamadrigal.com\/lamuertesaleporeloriente\/?page_id=15"},"modified":"2018-08-21T14:17:26","modified_gmt":"2018-08-21T14:17:26","slug":"inicio","status":"publish","type":"page","link":"https:\/\/soniamadrigal.com\/lamuertesaleporeloriente\/","title":{"rendered":""},"content":{"rendered":"<p>&nbsp;<\/p>\n<p>&nbsp;<\/p>\n<p style=\"text-align: justify;\">De acuerdo al Observatorio Ciudadano Nacional del Feminicidio, diariamente en M\u00e9xico mueren siete mujeres a causa de la violencia extrema, siendo el Estado de M\u00e9xico una de las entidades federativas con mayor n\u00famero de casos, concentrados principalmente en Ecatepec, Chimalhuac\u00e1n y Nezahualc\u00f3yotl, municipio donde vivo.<\/p>\n<p style=\"text-align: justify;\"><em>La muerte sale por el oriente<\/em>, es un trabajo que aborda el tema de violencia feminicida en el Estado de M\u00e9xico y se sustenta en tres ejes: fotograf\u00eda documental, intervenci\u00f3n del territorio y mapeo digital colectivo. Este trabajo lo comenc\u00e9 en 2014 y sigue en proceso.<\/p>\n","protected":false},"excerpt":{"rendered":"<p>&nbsp; &nbsp; De acuerdo al Observatorio Ciudadano Nacional del Feminicidio, diariamente en M\u00e9xico mueren siete mujeres a causa de la violencia extrema, siendo el Estado de M\u00e9xico una de las entidades federativas con mayor n\u00famero de casos, concentrados principalmente en Ecatepec, Chimalhuac\u00e1n y Nezahualc\u00f3yotl, municipio donde vivo. La muerte sale por el oriente, es un [&hellip;]<\/p>\n","protected":false},"author":1,"featured_media":34,"parent":0,"menu_order":0,"comment_status":"closed","ping_status":"closed","template":"","meta":{"footnotes":""},"class_list":["post-15","page","type-page","status-publish","has-post-thumbnail","hentry"],"_links":{"self":[{"href":"https:\/\/soniamadrigal.com\/lamuertesaleporeloriente\/wp-json\/wp\/v2\/pages\/15","targetHints":{"allow":["GET"]}}],"collection":[{"href":"https:\/\/soniamadrigal.com\/lamuertesaleporeloriente\/wp-json\/wp\/v2\/pages"}],"about":[{"href":"https:\/\/soniamadrigal.com\/lamuertesaleporeloriente\/wp-json\/wp\/v2\/types\/page"}],"author":[{"embeddable":true,"href":"https:\/\/soniamadrigal.com\/lamuertesaleporeloriente\/wp-json\/wp\/v2\/users\/1"}],"replies":[{"embeddable":true,"href":"https:\/\/soniamadrigal.com\/lamuertesaleporeloriente\/wp-json\/wp\/v2\/comments?post=15"}],"version-history":[{"count":51,"href":"https:\/\/soniamadrigal.com\/lamuertesaleporeloriente\/wp-json\/wp\/v2\/pages\/15\/revisions"}],"predecessor-version":[{"id":445,"href":"https:\/\/soniamadrigal.com\/lamuertesaleporeloriente\/wp-json\/wp\/v2\/pages\/15\/revisions\/445"}],"wp:featuredmedia":[{"embeddable":true,"href":"https:\/\/soniamadrigal.com\/lamuertesaleporeloriente\/wp-json\/wp\/v2\/media\/34"}],"wp:attachment":[{"href":"https:\/\/soniamadrigal.com\/lamuertesaleporeloriente\/wp-json\/wp\/v2\/media?parent=15"}],"curies":[{"name":"wp","href":"https:\/\/api.w.org\/{rel}","templated":true}]}}